{"id":3350,"date":"2018-04-12T11:56:42","date_gmt":"2018-04-12T09:56:42","guid":{"rendered":"https:\/\/orleans.aeroport.fr\/?page_id=3350"},"modified":"2018-04-12T12:06:54","modified_gmt":"2018-04-12T10:06:54","slug":"contacts","status":"publish","type":"page","link":"https:\/\/www.orleans.aeroport.fr\/en\/contacts\/","title":{"rendered":"Contacts"},"content":{"rendered":"<h3>A\u00e9roport du Loiret<\/h3>\n<p>Zone des Quatre-Vents<br \/>\n45550 Saint-Denis-de-l&#8217;H\u00f4tel<br \/>\nT\u00e9l : <a href=\"tel:0238463332\">02 38 46 33 32<\/a><br \/>\nFax: 02 38 59 11 59<\/p>\n<p>RSFTA: LFOZZPZX<br \/>\n<strong>Opening times:<br \/>\nFrom Monday to Friday: 8:30 \u2013 12:00<br \/>\n<\/strong><strong>And from 14:30 to 18:00<\/strong><\/p>\n<p>For further information, please contact us using the form on the right.<\/p>\n","protected":false},"excerpt":{"rendered":"<p>A\u00e9roport du Loiret Zone des Quatre-Vents 45550 Saint-Denis-de-l&#8217;H\u00f4tel T\u00e9l : 02 38 46 33 32 Fax: 02 38 59 11 59 RSFTA: LFOZZPZX Opening times: From Monday to Friday: 8:30 \u2013 12:00 And from 14:30 to 18:00 For further information, please contact us using the form on the right.<\/p>\n","protected":false},"author":2,"featured_media":0,"parent":0,"menu_order":5,"comment_status":"closed","ping_status":"closed","template":"contact.php","meta":[],"_links":{"self":[{"href":"https:\/\/www.orleans.aeroport.fr\/en\/wp-json\/wp\/v2\/pages\/3350"}],"collection":[{"href":"https:\/\/www.orleans.aeroport.fr\/en\/wp-json\/wp\/v2\/pages"}],"about":[{"href":"https:\/\/www.orleans.aeroport.fr\/en\/wp-json\/wp\/v2\/types\/page"}],"author":[{"embeddable":true,"href":"https:\/\/www.orleans.aeroport.fr\/en\/wp-json\/wp\/v2\/users\/2"}],"replies":[{"embeddable":true,"href":"https:\/\/www.orleans.aeroport.fr\/en\/wp-json\/wp\/v2\/comments?post=3350"}],"version-history":[{"count":3,"href":"https:\/\/www.orleans.aeroport.fr\/en\/wp-json\/wp\/v2\/pages\/3350\/revisions"}],"predecessor-version":[{"id":3354,"href":"https:\/\/www.orleans.aeroport.fr\/en\/wp-json\/wp\/v2\/pages\/3350\/revisions\/3354"}],"wp:attachment":[{"href":"https:\/\/www.orleans.aeroport.fr\/en\/wp-json\/wp\/v2\/media?parent=3350"}],"curies":[{"name":"wp","href":"https:\/\/api.w.org\/{rel}","templated":true}]}}