{"id":3389,"date":"2018-04-12T15:32:34","date_gmt":"2018-04-12T13:32:34","guid":{"rendered":"https:\/\/orleans.aeroport.fr\/?page_id=3389"},"modified":"2018-04-12T15:42:33","modified_gmt":"2018-04-12T13:42:33","slug":"environment","status":"publish","type":"page","link":"https:\/\/www.orleans.aeroport.fr\/en\/environment\/","title":{"rendered":"Environment"},"content":{"rendered":"<h3>ENVIRONMENT CONSULTATION COMMISSION :<\/h3>\n<ul class=\"list-unstyled\">\n<li><em>15 June 2016  <\/em>&#8211; Minutes &#8211; <a href=\"\/wp-content\/uploads\/2018\/03\/Compte-rendu-r\u00e9union-du-15-juin-2016-COCOENVI.pdf\" target=\"_blank\" rel=\"noopener\"> Click here to view the PDF<\/a><\/li>\n<li><em>03 February 2015 <\/em>&#8211; Minutes &#8211; <a href=\"\/wp-content\/uploads\/2018\/03\/Compte-rendu-COCOENVI-3-f\u00e9vrier-2015.pdf\" target=\"_blank\" rel=\"noopener\"> Click here to view the PDF<\/a><\/li>\n<\/ul>\n<h3>ADMINISTRATIVE DOCUMENTS :<\/h3>\n<ul class=\"list-unstyled\">\n<li><em>16 February 2018 <\/em>&#8211; Union Committee minutes  &#8211; <a href=\"\/wp-content\/uploads\/2018\/03\/PV-Comit\u00e9-syndical-du-16-f\u00e9vrier-2018.pdf\" target=\"_blank\" rel=\"noopener\"> Click here to view the PDF<\/a><\/li>\n<li><em>16 February 2018 <\/em>&#8211; Union Committee Deliberation n\u00b0 1 minutes  &#8211; <a href=\"\/wp-content\/uploads\/2018\/03\/Deliberation-1-Comite-syndical-du-16-f\u00e9vrier-2018-Approbation-du-PV-du-15-d\u00e9cembre-2017-Retour-contr\u00f4le-l\u00e9galit\u00e9.pdf\" target=\"_blank\" rel=\"noopener\"> Click here to view the PDF<\/a><\/li>\n<li><em>16 February 2018 <\/em>&#8211; Union Committee Deliberation n\u00b0 2 minutes  &#8211; <a href=\"\/wp-content\/uploads\/2018\/03\/Deliberation-2-Comite-syndical-du-16-f\u00e9vrier-2018-Rapport-dorientations-budg\u00e9taires-2018-Retour-contr\u00f4le-l\u00e9galit\u00e9.pdf\" target=\"_blank\" rel=\"noopener\"> Click here to view the PDF<\/a><\/li>\n<li><em>16 February 2018 <\/em>&#8211; Union Committee Deliberation n\u00b0 3 minutes  &#8211; <a href=\"\/wp-content\/uploads\/2018\/03\/D\u00e9lib\u00e9ration-3-Comit\u00e9-syndical-du-16-f\u00e9vrier-2018-Mise-\u00e0-disposition-\u00e0-titre-gratuit-dun-hangar-et-prestations-a-u-profit-de-lAssociation-BADABOUM-.pdf\" target=\"_blank\" rel=\"noopener\"> Click here to view the PDF<\/a><\/li>\n<\/ul>\n<h3>WATER QUALITY :<\/h3>\n<ul class=\"list-unstyled\">\n<li><em>2017 <\/em>&#8211; Water analysis for July  &#8211; <a href=\"\/wp-content\/uploads\/2018\/03\/Analyse-deau-2017-juillet.pdf\" target=\"_blank\" rel=\"noopener\"> Click here to view the PDF<\/a><\/li>\n<li><em>2016 <\/em>&#8211; Water analysis for December  &#8211; <a href=\"\/wp-content\/uploads\/2018\/03\/Analyse-deau-2016-d\u00e9cembre-rapport-161212505.pdf\" target=\"_blank\" rel=\"noopener\"> Click here to view the PDF<\/a><\/li>\n<li><em>2016 <\/em>&#8211; Water analysis for May  &#8211; <a href=\"\/wp-content\/uploads\/2018\/03\/Analyse-deau-2016-mai-r\u00e9sultats-complets.pdf\" target=\"_blank\" rel=\"noopener\"> Click here to view the PDF<\/a><\/li>\n<li><em>2015 <\/em>&#8211; Water analysis for June  &#8211; <a href=\"\/wp-content\/uploads\/2018\/03\/Analyse-deau-2015-juin.pdf\" target=\"_blank\" rel=\"noopener\"> Click here to view the PDF<\/a><\/li>\n<li><em>2013<\/em> &#8211; Water analysis dated 17 October 2013  &#8211; <a href=\"\/wp-content\/uploads\/2018\/03\/ANALYSE_DES_EAUX_17_OCTOBRE_2013.pdf\" target=\"_blank\" rel=\"noopener\"> Click here to view the PDF<\/a><\/li>\n<li><em>Avril 2013<\/em> &#8211; Water analysis &#8211; <a href=\"\/wp-content\/uploads\/2018\/03\/RAPPORT_ANALYSES.pdf\" target=\"_blank\" rel=\"noopener\"> Click here to view the PDF<\/a><\/li>\n<li><em>2012<\/em> &#8211; Water analysis for October  &#8211; <a href=\"\/wp-content\/uploads\/2018\/03\/analyse_eaux_10_2012.pdf\" target=\"_blank\" rel=\"noopener\"> Click here to view the PDF<\/a><\/li>\n<li><em>2012<\/em> &#8211; Water analysis for March   &#8211; <a href=\"\/wp-content\/uploads\/2018\/03\/analyses_eau_mars_2012.pdf\" target=\"_blank\" rel=\"noopener\"> Click here to view the PDF<\/a><\/li>\n<li><em>2011<\/em> &#8211; Water analysis for September  &#8211; <a href=\"\/wp-content\/uploads\/2018\/03\/analyse_des_eaux_septembre_2011.pdf\" target=\"_blank\" rel=\"noopener\"> Click here to view the PDF<\/a><\/li>\n<li><em>2011<\/em> &#8211; Water analysis &#8211; <a href=\"\/wp-content\/uploads\/2018\/03\/eaux2011.pdf\" target=\"_blank\" rel=\"noopener\"> Click here to view the PDF<\/a><\/li>\n<li><em>2010<\/em> &#8211; Water analysis &#8211; <a href=\"\/wp-content\/uploads\/2018\/03\/ANALYSES_DES_EAUX_2010.pdf\" target=\"_blank\" rel=\"noopener\"> Click here to view the PDF<\/a><\/li>\n<li><em>2009<\/em> &#8211; Water analysis &#8211; <a href=\"\/wp-content\/uploads\/2018\/03\/ANALYSES_DES_EAUX_2009.pdf\" target=\"_blank\" rel=\"noopener\"> Click here to view the PDF<\/a><\/li>\n<\/ul>\n<h3>TRAFFIC STATISTICS :<\/h3>\n<ul class=\"list-unstyled\">\n<li><em>2000 &#8211; 2017<\/em> &#8211; Traffic statistics  &#8211; <a href=\"\/wp-content\/uploads\/2018\/03\/STATISTIQUES_DE_TRAFIC_31-12-17.pdf\" target=\"_blank\" rel=\"noopener\"> Click here to view the document<\/a><\/li>\n<\/ul>\n<h3>NOCTURNAL FLIGHTS (22H-6H) :<\/h3>\n<ul class=\"list-unstyled\">\n<li><em>2009 &#8211; 2018<\/em> &#8211; Nocturnal flights  &#8211; <a href=\"\/wp-content\/uploads\/2018\/03\/VOLS_DE_NUIT_MAJ010218.pdf\" target=\"_blank\" rel=\"noopener\"> Click here to view the document<\/a><\/li>\n<\/ul>\n<h3>ENVIRONMENTAL POSTERS :<\/h3>\n<ul class=\"list-unstyled\">\n<li><em>2010<\/em> &#8211; Computer and office equipment waste collection  &#8211; <a href=\"\/wp-content\/uploads\/2018\/03\/collecte_dechet_informatique_et_bureautique_pub_logo_aeroport.pdf\" target=\"_blank\" rel=\"noopener\"> Click here to view the document<\/a><\/li>\n<li><em>2010<\/em> &#8211; Glass collection  &#8211; <a href=\"\/wp-content\/uploads\/2018\/03\/collecte_de_verres_pub_avec_logo_aeroport.pdf\" target=\"_blank\" rel=\"noopener\"> Click here to view the document<\/a><\/li>\n<li><em>2010<\/em> &#8211; Battery collection  &#8211; <a href=\"\/wp-content\/uploads\/2018\/03\/collecte_de_piles_et_batteries_pub_avec_logo_aeroport.pdf\" target=\"_blank\" rel=\"noopener\"> Click here to view the document<\/a><\/li>\n<\/ul>\n<p><a href=\" https:\/\/orleans.aeroport.fr\/environnement-reclamation\/\" class=\"btn-blue\" rel=\"noopener\">Complaints form<\/a><\/p>\n","protected":false},"excerpt":{"rendered":"<p>ENVIRONMENT CONSULTATION COMMISSION : 15 June 2016 &#8211; Minutes &#8211; Click here to view the PDF 03 February 2015 &#8211; Minutes &#8211; Click here to view the PDF ADMINISTRATIVE DOCUMENTS : 16 February 2018 &#8211; Union Committee minutes &#8211; Click here to view the PDF 16 February 2018 &#8211; Union Committee Deliberation n\u00b0 1 minutes [&hellip;]<\/p>\n","protected":false},"author":2,"featured_media":0,"parent":0,"menu_order":0,"comment_status":"closed","ping_status":"closed","template":"","meta":[],"_links":{"self":[{"href":"https:\/\/www.orleans.aeroport.fr\/en\/wp-json\/wp\/v2\/pages\/3389"}],"collection":[{"href":"https:\/\/www.orleans.aeroport.fr\/en\/wp-json\/wp\/v2\/pages"}],"about":[{"href":"https:\/\/www.orleans.aeroport.fr\/en\/wp-json\/wp\/v2\/types\/page"}],"author":[{"embeddable":true,"href":"https:\/\/www.orleans.aeroport.fr\/en\/wp-json\/wp\/v2\/users\/2"}],"replies":[{"embeddable":true,"href":"https:\/\/www.orleans.aeroport.fr\/en\/wp-json\/wp\/v2\/comments?post=3389"}],"version-history":[{"count":5,"href":"https:\/\/www.orleans.aeroport.fr\/en\/wp-json\/wp\/v2\/pages\/3389\/revisions"}],"predecessor-version":[{"id":3394,"href":"https:\/\/www.orleans.aeroport.fr\/en\/wp-json\/wp\/v2\/pages\/3389\/revisions\/3394"}],"wp:attachment":[{"href":"https:\/\/www.orleans.aeroport.fr\/en\/wp-json\/wp\/v2\/media?parent=3389"}],"curies":[{"name":"wp","href":"https:\/\/api.w.org\/{rel}","templated":true}]}}